{"id":51,"date":"2017-04-28T21:21:42","date_gmt":"2017-04-28T19:21:42","guid":{"rendered":"https:\/\/www.nachtderlichter-epp.de\/site\/?page_id=51"},"modified":"2024-10-31T08:07:35","modified_gmt":"2024-10-31T07:07:35","slug":"taizefahrt","status":"publish","type":"page","link":"https:\/\/www.nachtderlichter-epp.de\/site\/taizefahrt\/","title":{"rendered":"Taiz\u00e9fahrt"},"content":{"rendered":"<p>Um Euch in diesem Jahr zumindest ein kleines St\u00fcck Taiz\u00e9 in den Alltag zu bringen, m\u00f6chten wir Euch die Internetauftritte von Taiz\u00e9 ans Herz legen:<br \/>&#8211; Die Kan\u00e4le der Communaut\u00e9 auf <a href=\"https:\/\/www.youtube.com\/user\/taize\/\">YouTube<\/a>, <a href=\"https:\/\/www.facebook.com\/taize\/\">Facebook<\/a> und <a href=\"https:\/\/www.instagram.com\/taize\/\">Insta<\/a><br \/>&#8211; <a href=\"https:\/\/www.taize.fr\/de_article29514.html\">Livestream der Abendgebete<\/a><br \/>&#8211; <a href=\"https:\/\/www.taize.fr\/de_article4800.html\">Podcasts aus Taiz\u00e9<\/a><\/p>\n<p><strong>Wir w\u00fcnschen Euch alles Gute und Gesundheit. Passt auf Euch auf!<\/strong> Und nat\u00fcrlich freuen wir uns schon auf die n\u00e4chste gemeinsame Fahrt! <br \/>Die Anmeldung werdet ihr wie gewohnt per Mail bekommen und hier auf der Seite sowie in der Kirche ausliegend finden.<\/p>\n<p style=\"text-align: center;\">+++<\/p>\n<p style=\"text-align: center;\">Berichte \u00fcber die Taiz\u00e8fahrten der letzten Jahre finden sich <a href=\"https:\/\/www.nachtderlichter-epp.de\/site\/category\/taizefahrt\/\">hier<\/a><\/p>\n<p style=\"text-align: center;\">+++<\/p>\n<h3 style=\"text-align: center;\"><strong>Was ist Taiz\u00e9?<\/strong><\/h3>\n<p>Taiz\u00e9 liegt in Frankreich, in S\u00fcdburgund. Dort gr\u00fcndete Fr\u00e8re Roger 1940 eine internationale \u00f6kumenische Gemeinschaft. Die Br\u00fcder engagieren sich, ein Leben lang materielle und spirituelle G\u00fcter zu teilen, in Ehelosigkeit zu leben und einen einfachen Lebensstil zu f\u00fchren. Heute geh\u00f6ren zur Communaut\u00e9 an die hundert Br\u00fcder aus \u00fcber 25 Nationen, sie sind katholisch oder aus verschiedenen evangelischen Kirchen.<\/p>\n<p>Die Br\u00fcder leben von ihrer Arbeit. Sie nehmen f\u00fcr sich selber keine Spenden, keine Geschenke an. Einige von ihnen leben in kleinen Fraternit\u00e4ten mitten unter den Armen.<br \/>Seit etwa 1960 kommen Jugendliche aus aller Welt nach Taiz\u00e9. Zu Tausenden nehmen sie an den w\u00f6chentlichen Jugendtreffen mit Gebeten und Gespr\u00e4chsgruppen teil.<\/p>\n<p>Die Treffen in Taiz\u00e9 finden in Gemeinschaft mit der Communaut\u00e9 der Br\u00fcder statt. Mit ihnen versammeln sich alle Teilnehmer morgens, mittags und abends zum gemeinsamen Gebet. In Taiz\u00e9 werden wir von einer Gemeinschaft empfangen, die seit ihren Urspr\u00fcngen von zwei Grundanliegen gepr\u00e4gt ist: Leben in der Gemeinschaft mit Gott durch das pers\u00f6nliche und das gemeinsame Beten und das Anliegen dort, wo man lebt und arbeitet, ein Zeichen des Friedens und des Vertrauens in der Menschheitsfamilie zu sein. Kern des t\u00e4glichen Lebens in Taiz\u00e9 bilden die drei gemeinsamen Gebete am Tag.<\/p>\n<p>Weitere Informationen \u00fcber das Leben und den Alltag in Taiz\u00e9 findet ihr <a href=\"http:\/\/www.taize.fr\/de_article4772.html\">auf der Taiz\u00e9-Homepage<\/a> und in Dokus wie: <a href=\"https:\/\/www.youtube.com\/watch?v=eBNHmgn8rbg\">Eine Woche in Taiz\u00e9<\/a>, <a href=\"https:\/\/www.youtube.com\/watch?v=XZnl2S36ZiQ\">Das Geheimnis von Taiz\u00e9<\/a>, etc.<\/p>\n\n\n<p><\/p>\n","protected":false},"excerpt":{"rendered":"<p>Um Euch in diesem Jahr zumindest ein kleines St\u00fcck Taiz\u00e9 in den Alltag zu bringen, m\u00f6chten wir Euch die Internetauftritte von Taiz\u00e9 ans Herz legen:&#8211; Die Kan\u00e4le der Communaut\u00e9 auf YouTube, Facebook und Insta&#8211; Livestream der Abendgebete&#8211; Podcasts aus Taiz\u00e9 Wir w\u00fcnschen Euch alles Gute und Gesundheit. Passt auf Euch auf! Und nat\u00fcrlich freuen wir &#8230; <a title=\"Taiz\u00e9fahrt\" class=\"read-more\" href=\"https:\/\/www.nachtderlichter-epp.de\/site\/taizefahrt\/\" aria-label=\"Mehr Informationen \u00fcber Taiz\u00e9fahrt\">Weiterlesen<\/a><\/p>\n","protected":false},"author":1,"featured_media":0,"parent":0,"menu_order":0,"comment_status":"closed","ping_status":"closed","template":"","meta":{"footnotes":""},"class_list":["post-51","page","type-page","status-publish"],"_links":{"self":[{"href":"https:\/\/www.nachtderlichter-epp.de\/site\/wp-json\/wp\/v2\/pages\/51","targetHints":{"allow":["GET"]}}],"collection":[{"href":"https:\/\/www.nachtderlichter-epp.de\/site\/wp-json\/wp\/v2\/pages"}],"about":[{"href":"https:\/\/www.nachtderlichter-epp.de\/site\/wp-json\/wp\/v2\/types\/page"}],"author":[{"embeddable":true,"href":"https:\/\/www.nachtderlichter-epp.de\/site\/wp-json\/wp\/v2\/users\/1"}],"replies":[{"embeddable":true,"href":"https:\/\/www.nachtderlichter-epp.de\/site\/wp-json\/wp\/v2\/comments?post=51"}],"version-history":[{"count":41,"href":"https:\/\/www.nachtderlichter-epp.de\/site\/wp-json\/wp\/v2\/pages\/51\/revisions"}],"predecessor-version":[{"id":398,"href":"https:\/\/www.nachtderlichter-epp.de\/site\/wp-json\/wp\/v2\/pages\/51\/revisions\/398"}],"wp:attachment":[{"href":"https:\/\/www.nachtderlichter-epp.de\/site\/wp-json\/wp\/v2\/media?parent=51"}],"curies":[{"name":"wp","href":"https:\/\/api.w.org\/{rel}","templated":true}]}}