{"id":13,"date":"2017-04-28T20:44:57","date_gmt":"2017-04-28T18:44:57","guid":{"rendered":"https:\/\/www.nachtderlichter-epp.de\/site\/?page_id=13"},"modified":"2020-11-26T14:35:28","modified_gmt":"2020-11-26T13:35:28","slug":"startseite","status":"publish","type":"page","link":"https:\/\/www.nachtderlichter-epp.de\/site\/","title":{"rendered":"Start"},"content":{"rendered":"<h1>Herzlich Willkommen&#8230;<\/h1>\n<p><em>&#8230; Jugendliche, die schon einmal in Taiz\u00e9 waren oder wissen wollen, wie dort gebetet wird, auch solche, die noch nie etwas von Taiz\u00e9 geh\u00f6rt haben und vielleicht viel Abstand zu Gottesdienst und Kirche haben.<\/em><\/p>\n<p><em>&#8230; neue Firmandinnen und Firmanden; alle, die auf der Suche sind; auch solche, die einfach einmal zur Ruhe kommen wollen in einer meditativ beleuchteten Kirche.<\/em><\/p>\n<p><em>&#8230; Jene, die neugierig auf neue Gebetsformen sind oder wieder beten lernen wollen, egal in welchem Alter.<\/em><strong><br \/><\/strong><\/p>\n<p><strong>Wirklich alle sind herzlich zu diesem \u00f6kumenischen Abendgebet mit seiner Stille, seinen Lesungen aus der Bibel und den Ges\u00e4ngen aus Taiz\u00e9 eingeladen!<\/strong><\/p>\n<p><strong>Die Termine unserer Gebete findet ihr <a href=\"https:\/\/www.nachtderlichter-epp.de\/site\/nacht-der-lichter\/\">hier<\/a><\/strong><\/p>\n<p><strong>Infos rund um unsere j\u00e4hrliche Taiz\u00e9fahrt an Pfingsten findet ihr <a href=\"https:\/\/www.nachtderlichter-epp.de\/site\/taizefahrt\/\">hier<\/a><\/strong><\/p>\n<p><strong>R\u00fcckblicke auf vergangene Fahrten und Berichte zu den Gebeten findet ihr in unserem <a href=\"https:\/\/www.nachtderlichter-epp.de\/site\/category\/archiv\/\">Archiv<\/a><\/strong><\/p>\n<p><strong>Und einen direkten Link nach Taiz\u00e9 bekommt ihr <a href=\"http:\/\/taize.fr\/de\">hier<\/a><\/strong><\/p>\n\n\n<figure class=\"wp-block-gallery columns-2 is-cropped wp-block-gallery-1 is-layout-flex wp-block-gallery-is-layout-flex\"><ul class=\"blocks-gallery-grid\"><li class=\"blocks-gallery-item\"><figure><img loading=\"lazy\" decoding=\"async\" width=\"660\" height=\"447\" src=\"https:\/\/www.nachtderlichter-epp.de\/site\/wp-content\/uploads\/2017\/04\/image03.jpg\" alt=\"\" data-id=\"73\" data-full-url=\"https:\/\/www.nachtderlichter-epp.de\/site\/wp-content\/uploads\/2017\/04\/image03.jpg\" data-link=\"https:\/\/www.nachtderlichter-epp.de\/site\/image03\/\" class=\"wp-image-73\" srcset=\"https:\/\/www.nachtderlichter-epp.de\/site\/wp-content\/uploads\/2017\/04\/image03.jpg 660w, https:\/\/www.nachtderlichter-epp.de\/site\/wp-content\/uploads\/2017\/04\/image03-300x203.jpg 300w\" sizes=\"auto, (max-width: 660px) 100vw, 660px\" \/><\/figure><\/li><li class=\"blocks-gallery-item\"><figure><img loading=\"lazy\" decoding=\"async\" width=\"660\" height=\"447\" src=\"https:\/\/www.nachtderlichter-epp.de\/site\/wp-content\/uploads\/2017\/04\/image02.jpg\" alt=\"\" data-id=\"72\" data-full-url=\"https:\/\/www.nachtderlichter-epp.de\/site\/wp-content\/uploads\/2017\/04\/image02.jpg\" data-link=\"https:\/\/www.nachtderlichter-epp.de\/site\/image02\/\" class=\"wp-image-72\" srcset=\"https:\/\/www.nachtderlichter-epp.de\/site\/wp-content\/uploads\/2017\/04\/image02.jpg 660w, https:\/\/www.nachtderlichter-epp.de\/site\/wp-content\/uploads\/2017\/04\/image02-300x203.jpg 300w\" sizes=\"auto, (max-width: 660px) 100vw, 660px\" \/><\/figure><\/li><li class=\"blocks-gallery-item\"><figure><img loading=\"lazy\" decoding=\"async\" width=\"660\" height=\"447\" src=\"https:\/\/www.nachtderlichter-epp.de\/site\/wp-content\/uploads\/2017\/04\/image01.jpg\" alt=\"\" data-id=\"71\" data-full-url=\"https:\/\/www.nachtderlichter-epp.de\/site\/wp-content\/uploads\/2017\/04\/image01.jpg\" data-link=\"https:\/\/www.nachtderlichter-epp.de\/site\/image01\/\" class=\"wp-image-71\" srcset=\"https:\/\/www.nachtderlichter-epp.de\/site\/wp-content\/uploads\/2017\/04\/image01.jpg 660w, https:\/\/www.nachtderlichter-epp.de\/site\/wp-content\/uploads\/2017\/04\/image01-300x203.jpg 300w\" sizes=\"auto, (max-width: 660px) 100vw, 660px\" \/><\/figure><\/li><\/ul><\/figure>\n","protected":false},"excerpt":{"rendered":"<p>Herzlich Willkommen&#8230; &#8230; Jugendliche, die schon einmal in Taiz\u00e9 waren oder wissen wollen, wie dort gebetet wird, auch solche, die noch nie etwas von Taiz\u00e9 geh\u00f6rt haben und vielleicht viel Abstand zu Gottesdienst und Kirche haben. &#8230; neue Firmandinnen und Firmanden; alle, die auf der Suche sind; auch solche, die einfach einmal zur Ruhe kommen &#8230; <a title=\"Start\" class=\"read-more\" href=\"https:\/\/www.nachtderlichter-epp.de\/site\/\" aria-label=\"Mehr Informationen \u00fcber Start\">Weiterlesen<\/a><\/p>\n","protected":false},"author":1,"featured_media":0,"parent":0,"menu_order":0,"comment_status":"closed","ping_status":"closed","template":"","meta":{"footnotes":""},"class_list":["post-13","page","type-page","status-publish"],"_links":{"self":[{"href":"https:\/\/www.nachtderlichter-epp.de\/site\/wp-json\/wp\/v2\/pages\/13","targetHints":{"allow":["GET"]}}],"collection":[{"href":"https:\/\/www.nachtderlichter-epp.de\/site\/wp-json\/wp\/v2\/pages"}],"about":[{"href":"https:\/\/www.nachtderlichter-epp.de\/site\/wp-json\/wp\/v2\/types\/page"}],"author":[{"embeddable":true,"href":"https:\/\/www.nachtderlichter-epp.de\/site\/wp-json\/wp\/v2\/users\/1"}],"replies":[{"embeddable":true,"href":"https:\/\/www.nachtderlichter-epp.de\/site\/wp-json\/wp\/v2\/comments?post=13"}],"version-history":[{"count":18,"href":"https:\/\/www.nachtderlichter-epp.de\/site\/wp-json\/wp\/v2\/pages\/13\/revisions"}],"predecessor-version":[{"id":304,"href":"https:\/\/www.nachtderlichter-epp.de\/site\/wp-json\/wp\/v2\/pages\/13\/revisions\/304"}],"wp:attachment":[{"href":"https:\/\/www.nachtderlichter-epp.de\/site\/wp-json\/wp\/v2\/media?parent=13"}],"curies":[{"name":"wp","href":"https:\/\/api.w.org\/{rel}","templated":true}]}}